{"id":3736,"date":"2025-06-16T18:56:12","date_gmt":"2025-06-16T18:56:12","guid":{"rendered":"https:\/\/inflammascan.app\/aviso-legal\/"},"modified":"2025-09-26T16:05:12","modified_gmt":"2025-09-26T16:05:12","slug":"aviso-legal","status":"publish","type":"page","link":"https:\/\/inflammascan.app\/es\/aviso-legal\/","title":{"rendered":"Aviso legal"},"content":{"rendered":"\n<p>En esta p\u00e1gina te informamos sobre nuestros datos comerciales, la finalidad del sitio web, qu\u00e9 informaci\u00f3n utilizamos y qu\u00e9 hacemos con tus datos, qu\u00e9 derechos y obligaciones tenemos ambos, y te explicamos los procedimientos para proteger tus datos personales y nuestro compromiso de confidencialidad.<\/p>\n\n<h2 class=\"wp-block-heading\">Responsable legal del sitio web<\/h2>\n\n<p>Evergreen Projects S.L., en cumplimiento de la Ley 34\/2002, de 11 de julio, de servicios de la sociedad de la informaci\u00f3n y de comercio electr\u00f3nico, te informa que:<\/p>\n\n<ul class=\"wp-block-list\">\n<li>Nombre comercial: InflammaScan<\/li>\n\n\n\n<li>Actividad empresarial: Aplicaci\u00f3n m\u00f3vil de salud y bienestar para el seguimiento de dietas antiinflamatorias<\/li>\n\n\n\n<li>Sitio web: inflammascan.app<\/li>\n\n\n\n<li>Correo electr\u00f3nico de contacto: hello@inflammascan.app<\/li>\n\n\n\n<li>Presencia en el App Store: Disponible en iOS App Store<\/li>\n<\/ul>\n\n<h2 class=\"wp-block-heading\">Prop\u00f3sito<\/h2>\n\n<p>Las presentes Condiciones Generales regulan el uso (incluyendo el mero acceso) de las p\u00e1ginas web integrantes del sitio inflammascan.app, incluidos los contenidos y servicios puestos a disposici\u00f3n en ellas.<\/p>\n\n<p>Toda persona que acceda al portal inflammascan.app (<strong>\u00abUsuario<\/strong>\u00ab) acepta someterse a las Condiciones Generales vigentes en el momento de acceder a este sitio web.<\/p>\n\n<p>InflammaScan se reserva el derecho de modificar, en cualquier momento y sin previo aviso, la presentaci\u00f3n y configuraci\u00f3n del portal inflammascan.app, as\u00ed como las presentes Condiciones Generales.<\/p>\n\n<h2 class=\"wp-block-heading\">Uso del Portal inflammascan.app<\/h2>\n\n<p>Los servicios prestados por inflammascan.app consisten en el desarrollo de contenidos relacionados con el seguimiento de dietas antiinflamatorias, la salud y el bienestar mediante el an\u00e1lisis de comidas basado en IA.<\/p>\n\n<p>Los contenidos desarrollados en el sitio web son responsabilidad plena y exclusiva de InflammaScan, as\u00ed como del titular de todos los derechos sobre los mismos.<\/p>\n\n<h2 class=\"wp-block-heading\">El Usuario acepta que:<\/h2>\n\n<ol class=\"wp-block-list\">\n<li>S\u00f3lo pueden utilizar el sitio web para realizar consultas o solicitudes legalmente v\u00e1lidas.<\/li>\n\n\n\n<li>No podr\u00e1n realizar solicitudes especulativas, falsas o fraudulentas. Si tenemos motivos razonables para considerar que se ha realizado una solicitud de este tipo, estaremos autorizados a cancelarla e informar a las autoridades pertinentes. <\/li>\n\n\n\n<li>Tambi\u00e9n se comprometen a facilitar su direcci\u00f3n de correo electr\u00f3nico, direcci\u00f3n postal y\/u otros datos de contacto de forma veraz y correcta y consienten que podamos utilizar esta informaci\u00f3n para ponernos en contacto con el Usuario en caso necesario (v\u00e9ase la <a href=\"https:\/\/www.claudeusercontent.com\/privacy-policy\/\" target=\"_blank\" rel=\"noreferrer noopener\">Pol\u00edtica de Privacidad<\/a>).<\/li>\n\n\n\n<li>Si el Usuario no proporciona toda la informaci\u00f3n requerida, no ser\u00e1 posible procesar ninguna solicitud.<\/li>\n<\/ol>\n\n<p>Al realizar una solicitud a trav\u00e9s de este sitio web, el Usuario garantiza que es mayor de 18 a\u00f1os y que tiene capacidad legal para celebrar contratos vinculantes.<\/p>\n\n<p>En la utilizaci\u00f3n del portal inflammascan.app, el Usuario se compromete a no llevar a cabo <strong>ninguna conducta<\/strong> que pudiera da\u00f1ar la imagen, los intereses y los derechos de inflammascan.app o de terceros o que pudiera da\u00f1ar, inutilizar o sobrecargar el portal inflammascan.app o que impidiera, de cualquier forma, la normal utilizaci\u00f3n del portal.<\/p>\n\n<h2 class=\"wp-block-heading\">Navegaci\u00f3n e IP<\/h2>\n\n<p>Durante la navegaci\u00f3n por el sitio web, as\u00ed como al utilizar el formulario de contacto, se registra la direcci\u00f3n IP del dispositivo. Estos datos s\u00f3lo se utilizar\u00e1n para generar estad\u00edsticas de visitas. <\/p>\n\n<h2 class=\"wp-block-heading\">Comentarios sobre los art\u00edculos<\/h2>\n\n<p>Los usuarios pueden publicar comentarios en los art\u00edculos que lo permitan. Los datos personales introducidos en el formulario para insertar estos comentarios se utilizar\u00e1n exclusivamente para moderarlos, publicarlos y responder a ellos. <\/p>\n\n<p>InflammaScan no se hace responsable de las opiniones vertidas por terceros en el blog, y se reserva el derecho a eliminar comentarios que puedan resultar ofensivos, inapropiados o denigrantes.<\/p>\n\n<p>Tambi\u00e9n nos reservamos el derecho a bloquear e impedir futuros comentarios de los autores de dichos comentarios.<\/p>\n\n<h2 class=\"wp-block-heading\">Contenido<\/h2>\n\n<p>En relaci\u00f3n con el contenido de este sitio web, queda prohibido lo siguiente:<\/p>\n\n<ul class=\"wp-block-list\">\n<li>Su reproducci\u00f3n, distribuci\u00f3n o modificaci\u00f3n, total o parcial, salvo autorizaci\u00f3n expresa de InflammaScan<\/li>\n\n\n\n<li>Cualquier violaci\u00f3n de los derechos del proveedor o de los titulares leg\u00edtimos<\/li>\n\n\n\n<li>Su utilizaci\u00f3n con fines comerciales o publicitarios<\/li>\n<\/ul>\n\n<p>El contenido publicado en este sitio web es de car\u00e1cter informativo. En ning\u00fan caso constituye asesoramiento jur\u00eddico. Para obtener dicho asesoramiento, consulta a un abogado de tu confianza.  <\/p>\n\n<p>El plagio de contenidos viola los derechos de autor. Si deseas utilizar cualquiera de los contenidos aqu\u00ed publicados, debes contar con la autorizaci\u00f3n expresa de InflammaScan. <\/p>\n\n<h2 class=\"wp-block-heading\">Acceso y uso de los usuarios<\/h2>\n\n<p>El Usuario queda informado, y acepta, que el acceso a la presente web no supone, en modo alguno, el inicio de una relaci\u00f3n comercial con InflammaScan.<\/p>\n\n<p>Queda prohibido el uso del sitio web con fines il\u00edcitos o lesivos o que, de cualquier forma, puedan causar perjuicio o impedir el normal funcionamiento del sitio web.<\/p>\n\n<h2 class=\"wp-block-heading\">Derechos de Propiedad Intelectual e Industrial<\/h2>\n\n<p>Mediante estas Condiciones Generales no se cede ning\u00fan derecho de propiedad intelectual o industrial sobre el portal inflammascan.app ni sobre ninguno de sus elementos integrantes, quedando expresamente prohibidos al Usuario la reproducci\u00f3n, transformaci\u00f3n, distribuci\u00f3n, comunicaci\u00f3n p\u00fablica, puesta a disposici\u00f3n del p\u00fablico, extracci\u00f3n, reutilizaci\u00f3n, reenv\u00edo o la utilizaci\u00f3n de cualquier naturaleza, por cualquier medio o procedimiento, de cualquiera de ellos, salvo en los casos en que est\u00e9 legalmente permitido o sea autorizado por el titular de los correspondientes derechos.<\/p>\n\n<p>El Usuario conoce y acepta que la totalidad del sitio web, incluyendo sin limitaci\u00f3n textos, software, contenidos (incluyendo estructura, selecci\u00f3n, ordenaci\u00f3n y presentaci\u00f3n de los mismos) fotograf\u00edas, material audiovisual y gr\u00e1fico, est\u00e1 protegido por marcas, derechos de autor y otros derechos leg\u00edtimos registrados, de conformidad con los tratados internacionales de los que la jurisdicci\u00f3n aplicable sea parte y otros derechos de propiedad y leyes.<\/p>\n\n<h2 class=\"wp-block-heading\">Protecci\u00f3n de datos<\/h2>\n\n<p>Evergreen Projects S.L. se compromete en la utilizaci\u00f3n de los datos recabados en esta web, a respetar su confidencialidad y a utilizarlos de acuerdo con la finalidad de la misma, as\u00ed como a dar cumplimiento a su obligaci\u00f3n de guardarlos y adaptar todas las medidas para evitar la alteraci\u00f3n, p\u00e9rdida, tratamiento o acceso no autorizado, de conformidad con lo establecido en el Reglamento UE 2016\/679, del Parlamento Europeo y del Consejo de 27 de abril de 2016 (GDPR) y la normativa aplicable en materia de protecci\u00f3n de datos.<\/p>\n\n<p>Los datos personales de los Usuarios ser\u00e1n tratados por Evergreen Projects S.L. como responsable del Sitio Web.<\/p>\n\n<ul class=\"wp-block-list\">\n<li>Identidad del responsable del tratamiento: Evergreen Projects S.L.<\/li>\n\n\n\n<li>CIF: B6716815<\/li>\n\n\n\n<li>Direcci\u00f3n: Avenida Roma 43, 08029 Barcelona, Espa\u00f1a<\/li>\n\n\n\n<li>Contacto: contacto@evergreenprojects.net<\/li>\n\n\n\n<li>Actividad: Marketing online, formaci\u00f3n, consultor\u00eda y marketing de afiliaci\u00f3n<\/li>\n<\/ul>\n\n<p>Los datos que el usuario facilite a trav\u00e9s de los formularios de contacto y comentarios se almacenar\u00e1n en un fichero cuya finalidad es responder por correo electr\u00f3nico a las solicitudes de informaci\u00f3n y otras consultas que se hayan podido realizar.<\/p>\n\n<p>En ning\u00fan caso se ceder\u00e1n, compartir\u00e1n, transferir\u00e1n o vender\u00e1n estos datos a terceros ni se utilizar\u00e1n para un fin distinto de aqu\u00e9l para el que se han recogido.<\/p>\n\n<p>La aceptaci\u00f3n del tratamiento de los datos a trav\u00e9s del sistema de casilla de verificaci\u00f3n se entender\u00e1 a todos los efectos como la prestaci\u00f3n del consentimiento expreso e inequ\u00edvoco del usuario al tratamiento de sus datos personales en los t\u00e9rminos establecidos en el presente documento, as\u00ed como a la transferencia internacional de datos exclusivamente por raz\u00f3n de la localizaci\u00f3n f\u00edsica de los proveedores de servicios y encargados del tratamiento.<\/p>\n\n<p>Los datos tratados se mantendr\u00e1n mientras no prescriban los plazos legales establecidos para la conservaci\u00f3n de los datos, si existe obligaci\u00f3n legal de mantenerlos, o si no existe ese plazo legal, hasta que el interesado solicite su supresi\u00f3n o revoque el consentimiento otorgado.<\/p>\n\n<p>En cualquier momento el usuario podr\u00e1 acceder, rectificar, suprimir, limitar el tratamiento, oponerse al tratamiento, realizar la portabilidad de sus datos personales y, cuando el tratamiento est\u00e9 basado en el consentimiento, ejercer el derecho a retirarlo en cualquier momento, a trav\u00e9s del formulario de Contacto del Sitio Web, enviando un correo electr\u00f3nico a hello@inflammascan.app, por correo postal a Avenida Roma 43, 08029 Barcelona, Espa\u00f1a, o seleccionando las opciones \u00abactualizar sus preferencias\u00bb y \u00abdarse de baja\u00bb de cualquier correo electr\u00f3nico enviado por InflammaScan.<\/p>\n\n<p>Tambi\u00e9n puedes, en cualquier momento, presentar una reclamaci\u00f3n ante una autoridad de control si consideras que tus datos no han sido tratados correctamente.<\/p>\n\n<p>Para ampliar la informaci\u00f3n sobre la pol\u00edtica de protecci\u00f3n de datos, el Usuario puede consultar la <a href=\"https:\/\/www.claudeusercontent.com\/privacy-policy\/\" target=\"_blank\" rel=\"noreferrer noopener\">pol\u00edtica de privacidad<\/a>.<\/p>\n\n<h2 class=\"wp-block-heading\">Derechos de autor<\/h2>\n\n<p>Este sitio web tiene copyright de InflammaScan y todos los derechos reservados. Si alg\u00fan Usuario desea utilizar alguno de sus textos o im\u00e1genes, puede solicitarlo a trav\u00e9s del <a href=\"\/contact\/\" target=\"_blank\" rel=\"noreferrer noopener\">formulario de contacto<\/a>. <\/p>\n\n<p>Si por error se ha introducido en este sitio web alg\u00fan elemento sujeto a derechos de autor, escribe al formulario de contacto adjuntando la prueba de los derechos de autor y tras verificar los datos lo retiraremos prioritariamente, o a tu elecci\u00f3n, acreditaremos la obra.<\/p>\n\n<h2 class=\"wp-block-heading\">Cookies<\/h2>\n\n<p>Una <em>cookie<\/em> es un peque\u00f1o archivo de texto que se almacena en el navegador cuando el Usuario visita casi cualquier p\u00e1gina web. Su utilidad es que la web sea capaz de recordar tu visita cuando vuelvas a navegar por esa p\u00e1gina. <em>Las cookies<\/em> suelen almacenar informaci\u00f3n de car\u00e1cter t\u00e9cnico, preferencias personales, personalizaci\u00f3n de contenidos, estad\u00edsticas de uso, enlaces a redes sociales, acceso a cuentas de usuario, etc. <\/p>\n\n<p><strong>Cookies utilizadas en este sitio web<\/strong><\/p>\n\n<p>Siguiendo las directrices de las autoridades de protecci\u00f3n de datos, se proporciona la siguiente informaci\u00f3n sobre el uso de <em>cookies<\/em> en este sitio web:<\/p>\n\n<p>Este sitio web utiliza las siguientes <strong>cookies propias<\/strong>:<\/p>\n\n<ol class=\"wp-block-list\">\n<li>Cookies de sesi\u00f3n, para garantizar que los usuarios que escriben comentarios en el blog son humanos y no aplicaciones automatizadas. De esta forma se combate el spam. <\/li>\n<\/ol>\n\n<p>Este sitio web utiliza las siguientes <strong>cookies de terceros<\/strong>:<\/p>\n\n<ol class=\"wp-block-list\">\n<li>Google Analytics: Almacena <em>cookies<\/em> para poder elaborar estad\u00edsticas sobre el tr\u00e1fico y volumen de visitas de esta web. Al utilizar este sitio web, el Usuario consiente el tratamiento de su informaci\u00f3n por Google. <\/li>\n\n\n\n<li>Redes sociales: Cada red social utiliza sus propias <em>cookies<\/em> para que el Usuario pueda hacer clic en botones como <em>Me gusta<\/em> o <em>Compartir<\/em>.<\/li>\n<\/ol>\n\n<p><strong>Desactivaci\u00f3n o eliminaci\u00f3n de cookies<\/strong><\/p>\n\n<p>En cualquier momento, el Usuario puede ejercer su derecho a desactivar o eliminar las cookies de este sitio web. Estas acciones se realizan de forma diferente en funci\u00f3n del navegador utilizado: <\/p>\n\n<p><a href=\"http:\/\/support.google.com\/chrome\/bin\/answer.py?hl=en&amp;answer=95647\" target=\"_blank\" rel=\"noreferrer noopener\"><u>Google Chrome<\/u><\/a> &#8211; <a href=\"http:\/\/support.mozilla.org\/en\/kb\/enable-and-disable-cookies-website-preferences\" target=\"_blank\" rel=\"noreferrer noopener\"><u>Mozilla Firefox<\/u><\/a> &#8211; <a href=\"https:\/\/support.apple.com\/guide\/safari\/manage-cookies-and-website-data-sfri11471\/mac\" target=\"_blank\" rel=\"noreferrer noopener\"><u>Safari de Apple<\/u><\/a> &#8211; <a href=\"https:\/\/support.microsoft.com\/en-us\/help\/17442\/windows-internet-explorer-delete-manage-cookies\" target=\"_blank\" rel=\"noreferrer noopener\"><u>Internet Explorer<\/u><\/a><\/p>\n\n<h2 class=\"wp-block-heading\">Ley aplicable y jurisdicci\u00f3n<\/h2>\n\n<p>Estas Condiciones Generales se rigen por la legislaci\u00f3n aplicable en la jurisdicci\u00f3n en la que opera InflammaScan.<\/p>\n\n<h2 class=\"wp-block-heading\">Informaci\u00f3n de contacto<\/h2>\n\n<p>En caso de que cualquier Usuario tenga alguna pregunta sobre estos T\u00e9rminos y Condiciones Generales o cualquier comentario sobre el portal inflammascan.app, por favor dir\u00edgete al <a href=\"\/contact\/\" target=\"_blank\" rel=\"noreferrer noopener\">formulario de contacto<\/a>.<\/p>\n\n<p><\/p>\n","protected":false},"excerpt":{"rendered":"<p>En esta p\u00e1gina te informamos sobre nuestros datos comerciales, la finalidad del sitio web, qu\u00e9 informaci\u00f3n utilizamos y qu\u00e9 hacemos [&hellip;]<\/p>\n","protected":false},"author":1,"featured_media":0,"parent":0,"menu_order":0,"comment_status":"closed","ping_status":"closed","template":"","meta":{"_angie_page":false,"site-sidebar-layout":"default","site-content-layout":"","ast-site-content-layout":"default","site-content-style":"default","site-sidebar-style":"default","ast-global-header-display":"","ast-banner-title-visibility":"","ast-main-header-display":"","ast-hfb-above-header-display":"","ast-hfb-below-header-display":"","ast-hfb-mobile-header-display":"","site-post-title":"","ast-breadcrumbs-content":"","ast-featured-img":"","footer-sml-layout":"","theme-transparent-header-meta":"","adv-header-id-meta":"","stick-header-meta":"","header-above-stick-meta":"","header-main-stick-meta":"","header-below-stick-meta":"","astra-migrate-meta-layouts":"default","ast-page-background-enabled":"default","ast-page-background-meta":{"desktop":{"background-color":"var(--ast-global-color-5)","background-image":"","background-repeat":"repeat","background-position":"center center","background-size":"auto","background-attachment":"scroll","background-type":"","background-media":"","overlay-type":"","overlay-color":"","overlay-opacity":"","overlay-gradient":""},"tablet":{"background-color":"","background-image":"","background-repeat":"repeat","background-position":"center center","background-size":"auto","background-attachment":"scroll","background-type":"","background-media":"","overlay-type":"","overlay-color":"","overlay-opacity":"","overlay-gradient":""},"mobile":{"background-color":"","background-image":"","background-repeat":"repeat","background-position":"center center","background-size":"auto","background-attachment":"scroll","background-type":"","background-media":"","overlay-type":"","overlay-color":"","overlay-opacity":"","overlay-gradient":""}},"ast-content-background-meta":{"desktop":{"background-color":"var(--ast-global-color-4)","background-image":"","background-repeat":"repeat","background-position":"center center","background-size":"auto","background-attachment":"scroll","background-type":"","background-media":"","overlay-type":"","overlay-color":"","overlay-opacity":"","overlay-gradient":""},"tablet":{"background-color":"var(--ast-global-color-4)","background-image":"","background-repeat":"repeat","background-position":"center center","background-size":"auto","background-attachment":"scroll","background-type":"","background-media":"","overlay-type":"","overlay-color":"","overlay-opacity":"","overlay-gradient":""},"mobile":{"background-color":"var(--ast-global-color-4)","background-image":"","background-repeat":"repeat","background-position":"center center","background-size":"auto","background-attachment":"scroll","background-type":"","background-media":"","overlay-type":"","overlay-color":"","overlay-opacity":"","overlay-gradient":""}},"footnotes":""},"class_list":["post-3736","page","type-page","status-publish","hentry"],"yoast_head":"<!-- This site is optimized with the Yoast SEO plugin v27.2 - https:\/\/yoast.com\/product\/yoast-seo-wordpress\/ -->\n<title>Aviso legal - InflammaScan App<\/title>\n<meta name=\"robots\" content=\"noindex, nofollow\" \/>\n<meta property=\"og:locale\" content=\"es_ES\" \/>\n<meta property=\"og:type\" content=\"article\" \/>\n<meta property=\"og:title\" content=\"Aviso legal - InflammaScan App\" \/>\n<meta property=\"og:description\" content=\"En esta p\u00e1gina te informamos sobre nuestros datos comerciales, la finalidad del sitio web, qu\u00e9 informaci\u00f3n utilizamos y qu\u00e9 hacemos [&hellip;]\" \/>\n<meta property=\"og:url\" content=\"https:\/\/inflammascan.app\/es\/aviso-legal\/\" \/>\n<meta property=\"og:site_name\" content=\"InflammaScan App\" \/>\n<meta property=\"article:modified_time\" content=\"2025-09-26T16:05:12+00:00\" \/>\n<meta name=\"twitter:card\" content=\"summary_large_image\" \/>\n<meta name=\"twitter:label1\" content=\"Tiempo de lectura\" \/>\n\t<meta name=\"twitter:data1\" content=\"9 minutos\" \/>\n<script type=\"application\/ld+json\" class=\"yoast-schema-graph\">{\"@context\":\"https:\/\/schema.org\",\"@graph\":[{\"@type\":\"WebPage\",\"@id\":\"https:\/\/inflammascan.app\/es\/aviso-legal\/\",\"url\":\"https:\/\/inflammascan.app\/es\/aviso-legal\/\",\"name\":\"Aviso legal - InflammaScan App\",\"isPartOf\":{\"@id\":\"https:\/\/inflammascan.app\/es\/#website\"},\"datePublished\":\"2025-06-16T18:56:12+00:00\",\"dateModified\":\"2025-09-26T16:05:12+00:00\",\"breadcrumb\":{\"@id\":\"https:\/\/inflammascan.app\/es\/aviso-legal\/#breadcrumb\"},\"inLanguage\":\"es\",\"potentialAction\":[{\"@type\":\"ReadAction\",\"target\":[\"https:\/\/inflammascan.app\/es\/aviso-legal\/\"]}]},{\"@type\":\"BreadcrumbList\",\"@id\":\"https:\/\/inflammascan.app\/es\/aviso-legal\/#breadcrumb\",\"itemListElement\":[{\"@type\":\"ListItem\",\"position\":1,\"name\":\"Home\",\"item\":\"https:\/\/inflammascan.app\/es\/\"},{\"@type\":\"ListItem\",\"position\":2,\"name\":\"Aviso legal\"}]},{\"@type\":\"WebSite\",\"@id\":\"https:\/\/inflammascan.app\/es\/#website\",\"url\":\"https:\/\/inflammascan.app\/es\/\",\"name\":\"InflammaScan App\",\"description\":\"Improve your anti-inflammatory diet with just a picture.\",\"publisher\":{\"@id\":\"https:\/\/inflammascan.app\/es\/#organization\"},\"potentialAction\":[{\"@type\":\"SearchAction\",\"target\":{\"@type\":\"EntryPoint\",\"urlTemplate\":\"https:\/\/inflammascan.app\/es\/?s={search_term_string}\"},\"query-input\":{\"@type\":\"PropertyValueSpecification\",\"valueRequired\":true,\"valueName\":\"search_term_string\"}}],\"inLanguage\":\"es\"},{\"@type\":\"Organization\",\"@id\":\"https:\/\/inflammascan.app\/es\/#organization\",\"name\":\"InflammaScan App\",\"url\":\"https:\/\/inflammascan.app\/es\/\",\"logo\":{\"@type\":\"ImageObject\",\"inLanguage\":\"es\",\"@id\":\"https:\/\/inflammascan.app\/es\/#\/schema\/logo\/image\/\",\"url\":\"https:\/\/inflammascan.app\/wp-content\/uploads\/2025\/06\/Logo-Inflammascan-app.webp\",\"contentUrl\":\"https:\/\/inflammascan.app\/wp-content\/uploads\/2025\/06\/Logo-Inflammascan-app.webp\",\"width\":900,\"height\":300,\"caption\":\"InflammaScan App\"},\"image\":{\"@id\":\"https:\/\/inflammascan.app\/es\/#\/schema\/logo\/image\/\"}}]}<\/script>\n<!-- \/ Yoast SEO plugin. -->","yoast_head_json":{"title":"Aviso legal - InflammaScan App","robots":{"index":"noindex","follow":"nofollow"},"og_locale":"es_ES","og_type":"article","og_title":"Aviso legal - InflammaScan App","og_description":"En esta p\u00e1gina te informamos sobre nuestros datos comerciales, la finalidad del sitio web, qu\u00e9 informaci\u00f3n utilizamos y qu\u00e9 hacemos [&hellip;]","og_url":"https:\/\/inflammascan.app\/es\/aviso-legal\/","og_site_name":"InflammaScan App","article_modified_time":"2025-09-26T16:05:12+00:00","twitter_card":"summary_large_image","twitter_misc":{"Tiempo de lectura":"9 minutos"},"schema":{"@context":"https:\/\/schema.org","@graph":[{"@type":"WebPage","@id":"https:\/\/inflammascan.app\/es\/aviso-legal\/","url":"https:\/\/inflammascan.app\/es\/aviso-legal\/","name":"Aviso legal - InflammaScan App","isPartOf":{"@id":"https:\/\/inflammascan.app\/es\/#website"},"datePublished":"2025-06-16T18:56:12+00:00","dateModified":"2025-09-26T16:05:12+00:00","breadcrumb":{"@id":"https:\/\/inflammascan.app\/es\/aviso-legal\/#breadcrumb"},"inLanguage":"es","potentialAction":[{"@type":"ReadAction","target":["https:\/\/inflammascan.app\/es\/aviso-legal\/"]}]},{"@type":"BreadcrumbList","@id":"https:\/\/inflammascan.app\/es\/aviso-legal\/#breadcrumb","itemListElement":[{"@type":"ListItem","position":1,"name":"Home","item":"https:\/\/inflammascan.app\/es\/"},{"@type":"ListItem","position":2,"name":"Aviso legal"}]},{"@type":"WebSite","@id":"https:\/\/inflammascan.app\/es\/#website","url":"https:\/\/inflammascan.app\/es\/","name":"InflammaScan App","description":"Improve your anti-inflammatory diet with just a picture.","publisher":{"@id":"https:\/\/inflammascan.app\/es\/#organization"},"potentialAction":[{"@type":"SearchAction","target":{"@type":"EntryPoint","urlTemplate":"https:\/\/inflammascan.app\/es\/?s={search_term_string}"},"query-input":{"@type":"PropertyValueSpecification","valueRequired":true,"valueName":"search_term_string"}}],"inLanguage":"es"},{"@type":"Organization","@id":"https:\/\/inflammascan.app\/es\/#organization","name":"InflammaScan App","url":"https:\/\/inflammascan.app\/es\/","logo":{"@type":"ImageObject","inLanguage":"es","@id":"https:\/\/inflammascan.app\/es\/#\/schema\/logo\/image\/","url":"https:\/\/inflammascan.app\/wp-content\/uploads\/2025\/06\/Logo-Inflammascan-app.webp","contentUrl":"https:\/\/inflammascan.app\/wp-content\/uploads\/2025\/06\/Logo-Inflammascan-app.webp","width":900,"height":300,"caption":"InflammaScan App"},"image":{"@id":"https:\/\/inflammascan.app\/es\/#\/schema\/logo\/image\/"}}]}},"_links":{"self":[{"href":"https:\/\/inflammascan.app\/es\/wp-json\/wp\/v2\/pages\/3736","targetHints":{"allow":["GET"]}}],"collection":[{"href":"https:\/\/inflammascan.app\/es\/wp-json\/wp\/v2\/pages"}],"about":[{"href":"https:\/\/inflammascan.app\/es\/wp-json\/wp\/v2\/types\/page"}],"author":[{"embeddable":true,"href":"https:\/\/inflammascan.app\/es\/wp-json\/wp\/v2\/users\/1"}],"replies":[{"embeddable":true,"href":"https:\/\/inflammascan.app\/es\/wp-json\/wp\/v2\/comments?post=3736"}],"version-history":[{"count":1,"href":"https:\/\/inflammascan.app\/es\/wp-json\/wp\/v2\/pages\/3736\/revisions"}],"predecessor-version":[{"id":3737,"href":"https:\/\/inflammascan.app\/es\/wp-json\/wp\/v2\/pages\/3736\/revisions\/3737"}],"wp:attachment":[{"href":"https:\/\/inflammascan.app\/es\/wp-json\/wp\/v2\/media?parent=3736"}],"curies":[{"name":"wp","href":"https:\/\/api.w.org\/{rel}","templated":true}]}}